{"id":562,"date":"2025-11-19T23:32:16","date_gmt":"2025-11-19T23:32:16","guid":{"rendered":"https:\/\/telesma.mx\/?page_id=562"},"modified":"2025-11-20T00:13:47","modified_gmt":"2025-11-20T00:13:47","slug":"coubicacion","status":"publish","type":"page","link":"https:\/\/telesma.mx\/index.php\/coubicacion\/","title":{"rendered":"Coubicaci\u00f3n"},"content":{"rendered":"\t\t<div data-elementor-type=\"wp-page\" data-elementor-id=\"562\" class=\"elementor elementor-562\" data-elementor-settings=\"[]\">\n\t\t\t\t\t\t\t<div class=\"elementor-section-wrap\">\n\t\t\t\t\t\t\t<section class=\"elementor-section elementor-top-section elementor-element elementor-element-5504c57 elementor-section-boxed elementor-section-height-default elementor-section-height-default\" data-id=\"5504c57\" data-element_type=\"section\">\n\t\t\t\t\t\t<div class=\"elementor-container elementor-column-gap-default\">\n\t\t\t\t\t<div class=\"elementor-column elementor-col-100 elementor-top-column elementor-element elementor-element-1d923baf\" data-id=\"1d923baf\" data-element_type=\"column\">\n\t\t\t<div class=\"elementor-widget-wrap elementor-element-populated\">\n\t\t\t\t\t\t\t\t<div class=\"elementor-element elementor-element-540def08 elementor-widget elementor-widget-text-editor\" data-id=\"540def08\" data-element_type=\"widget\" data-widget_type=\"text-editor.default\">\n\t\t\t\t<div class=\"elementor-widget-container\">\n\t\t\t\t\t\t\t<p><!-- wp:image {\"id\":565,\"sizeSlug\":\"large\",\"linkDestination\":\"none\"} --><\/p>\n<figure class=\"wp-block-image size-large\"><img loading=\"lazy\" decoding=\"async\" width=\"1024\" height=\"683\" class=\"wp-image-565\" src=\"https:\/\/telesma.mx\/wp-content\/uploads\/2025\/11\/andrea-de-santis-WIi8SZvKGTQ-unsplash-1024x683.jpg\" alt=\"\" srcset=\"https:\/\/telesma.mx\/wp-content\/uploads\/2025\/11\/andrea-de-santis-WIi8SZvKGTQ-unsplash-1024x683.jpg 1024w, https:\/\/telesma.mx\/wp-content\/uploads\/2025\/11\/andrea-de-santis-WIi8SZvKGTQ-unsplash-300x200.jpg 300w, https:\/\/telesma.mx\/wp-content\/uploads\/2025\/11\/andrea-de-santis-WIi8SZvKGTQ-unsplash-768x512.jpg 768w, https:\/\/telesma.mx\/wp-content\/uploads\/2025\/11\/andrea-de-santis-WIi8SZvKGTQ-unsplash-1536x1024.jpg 1536w, https:\/\/telesma.mx\/wp-content\/uploads\/2025\/11\/andrea-de-santis-WIi8SZvKGTQ-unsplash-2048x1365.jpg 2048w\" sizes=\"auto, (max-width: 1024px) 100vw, 1024px\" \/><\/figure>\n<p><!-- \/wp:image --><!-- wp:paragraph --><\/p>\n<p><strong>Coubicaci\u00f3n \u2013 Infraestructura de C\u00f3mputo Segura<\/strong><\/p>\n<p><!-- \/wp:paragraph --><!-- wp:paragraph --><\/p>\n<p>La continuidad operativa de tu organizaci\u00f3n depende de contar con un entorno f\u00edsico confiable, resiliente y preparado para proteger tus sistemas cr\u00edticos. Nuestro servicio de <strong>Coubicaci\u00f3n<\/strong> ofrece espacios dise\u00f1ados para brindar m\u00e1xima seguridad, disponibilidad y control, respaldados por infraestructura de nivel empresarial y est\u00e1ndares internacionales.<\/p>\n<p><!-- \/wp:paragraph --><!-- wp:paragraph --><\/p>\n<p><img decoding=\"async\" class=\"emoji\" role=\"img\" draggable=\"false\" src=\"https:\/\/s.w.org\/images\/core\/emoji\/16.0.1\/svg\/1f510.svg\" alt=\"\ud83d\udd10\" \/> <strong>Beneficios de la Coubicaci\u00f3n Segura de Telesma<\/strong><\/p>\n<p><!-- \/wp:paragraph --><!-- wp:paragraph --><\/p>\n<p><strong>Espacios dedicados en centros de datos seguros<\/strong><\/p>\n<p><!-- \/wp:paragraph --><!-- wp:list --><\/p>\n<ul class=\"wp-block-list\">\n<li style=\"list-style-type: none;\">\n<ul class=\"wp-block-list\"><!-- wp:list-item --><\/ul>\n<\/li>\n<\/ul>\n<p>\u00a0<\/p>\n<ul class=\"wp-block-list\">\n<li style=\"list-style-type: none;\">\n<ul class=\"wp-block-list\">\n<li>Ubica tus servidores, equipos de red y soluciones cr\u00edticas en instalaciones profesionales con controles f\u00edsicos avanzados, zonas restringidas y protecci\u00f3n ante accesos no autorizados.<\/li>\n<\/ul>\n<\/li>\n<\/ul>\n<p><!-- \/wp:list-item --><!-- wp:list-item --><\/p>\n<ul class=\"wp-block-list\">\n<li style=\"list-style-type: none;\">\n<ul class=\"wp-block-list\">\n<li><strong>Control ambiental, energ\u00eda redundante y vigilancia 24\/7<\/strong><\/li>\n<\/ul>\n<\/li>\n<\/ul>\n<p><!-- \/wp:list-item --><!-- wp:list-item --><\/p>\n<ul class=\"wp-block-list\">\n<li style=\"list-style-type: none;\">\n<ul class=\"wp-block-list\">\n<li>Garantizamos condiciones \u00f3ptimas de operaci\u00f3n mediante:<\/li>\n<\/ul>\n<\/li>\n<\/ul>\n<p><!-- \/wp:list-item --><!-- wp:list-item --><\/p>\n<ul class=\"wp-block-list\">\n<li style=\"list-style-type: none;\">\n<ul class=\"wp-block-list\">\n<li>Sistemas de enfriamiento inteligente<\/li>\n<\/ul>\n<\/li>\n<\/ul>\n<p><!-- \/wp:list-item --><!-- wp:list-item --><\/p>\n<ul class=\"wp-block-list\">\n<li style=\"list-style-type: none;\">\n<ul class=\"wp-block-list\">\n<li>Energ\u00eda ininterrumpida (UPS, plantas de emergencia, redundancia N+1 o superior)<\/li>\n<\/ul>\n<\/li>\n<\/ul>\n<p><!-- \/wp:list-item --><!-- wp:list-item --><\/p>\n<ul class=\"wp-block-list\">\n<li style=\"list-style-type: none;\">\n<ul class=\"wp-block-list\">\n<li>Monitoreo y videovigilancia permanente<\/li>\n<\/ul>\n<\/li>\n<\/ul>\n<p><!-- \/wp:list-item --><!-- wp:list-item --><\/p>\n<ul class=\"wp-block-list\">\n<li style=\"list-style-type: none;\">\n<ul class=\"wp-block-list\">\n<li>Protocolos estrictos de detecci\u00f3n y supresi\u00f3n de incendios<\/li>\n<\/ul>\n<\/li>\n<\/ul>\n<p><!-- \/wp:list-item --><!-- wp:list-item --><\/p>\n<ul class=\"wp-block-list\">\n<li style=\"list-style-type: none;\">\n<ul class=\"wp-block-list\">\n<li><strong>Acceso seguro y pol\u00edticas alineadas a est\u00e1ndares internacionales<\/strong><\/li>\n<\/ul>\n<\/li>\n<\/ul>\n<p><!-- \/wp:list-item --><!-- wp:list-item --><\/p>\n<ul class=\"wp-block-list\">\n<li style=\"list-style-type: none;\">\n<ul class=\"wp-block-list\">\n<li>Aplicamos procedimientos basados en marcos como <strong>ISO 27001<\/strong>, <strong>TIA-942<\/strong>, <strong>NIST<\/strong> y mejores pr\u00e1cticas globales, asegurando protecci\u00f3n f\u00edsica y l\u00f3gica en cada etapa del servicio.<\/li>\n<\/ul>\n<\/li>\n<\/ul>\n<p><!-- \/wp:list-item --><!-- wp:list-item --><\/p>\n<ul class=\"wp-block-list\">\n<li style=\"list-style-type: none;\">\n<ul class=\"wp-block-list\">\n<li><strong>Reducci\u00f3n de riesgos por fallas f\u00edsicas, ambientales o de seguridad<\/strong><\/li>\n<\/ul>\n<\/li>\n<\/ul>\n<p><!-- \/wp:list-item --><!-- wp:list-item --><\/p>\n<ul class=\"wp-block-list\">\n<li style=\"list-style-type: none;\">\n<ul class=\"wp-block-list\">\n<li>Al alojar tu infraestructura en un entorno especialmente dise\u00f1ado, minimizas interrupciones causadas por:<\/li>\n<\/ul>\n<\/li>\n<\/ul>\n<p><!-- \/wp:list-item --><!-- wp:list-item --><\/p>\n<ul class=\"wp-block-list\">\n<li style=\"list-style-type: none;\">\n<ul class=\"wp-block-list\">\n<li>Cortes de energ\u00eda<\/li>\n<\/ul>\n<\/li>\n<\/ul>\n<p><!-- \/wp:list-item --><!-- wp:list-item --><\/p>\n<ul class=\"wp-block-list\">\n<li style=\"list-style-type: none;\">\n<ul class=\"wp-block-list\">\n<li>Sobrecalentamiento<\/li>\n<\/ul>\n<\/li>\n<\/ul>\n<p><!-- \/wp:list-item --><!-- wp:list-item --><\/p>\n<ul class=\"wp-block-list\">\n<li style=\"list-style-type: none;\">\n<ul class=\"wp-block-list\">\n<li>Desastres ambientales<\/li>\n<\/ul>\n<\/li>\n<\/ul>\n<p><!-- \/wp:list-item --><!-- wp:list-item --><\/p>\n<ul class=\"wp-block-list\">\n<li style=\"list-style-type: none;\">\n<ul class=\"wp-block-list\">\n<li>Robo, manipulaci\u00f3n o da\u00f1o f\u00edsico<\/li>\n<\/ul>\n<\/li>\n<\/ul>\n<p><!-- \/wp:list-item --><!-- wp:list-item --><\/p>\n<ul class=\"wp-block-list\">\n<li style=\"list-style-type: none;\">\n<ul class=\"wp-block-list\">\n<li>Fallos en instalaciones internas<\/li>\n<\/ul>\n<\/li>\n<\/ul>\n<p><!-- \/wp:list-item --><!-- wp:list-item --><\/p>\n<ul class=\"wp-block-list\">\n<li style=\"list-style-type: none;\">\n<ul class=\"wp-block-list\">\n<li><strong>Soporte especializado para garantizar operatividad continua<\/strong><\/li>\n<\/ul>\n<\/li>\n<\/ul>\n<p><!-- \/wp:list-item --><!-- wp:list-item --><\/p>\n<ul class=\"wp-block-list\">\n<li style=\"list-style-type: none;\">\n<ul class=\"wp-block-list\">\n<li>Nuestros equipos de apoyo t\u00e9cnico supervisan la disponibilidad, realizan intervenciones bajo solicitud y acompa\u00f1an cualquier necesidad relacionada con el funcionamiento de tus equipos.<\/li>\n<\/ul>\n<\/li>\n<\/ul>\n<p><!-- \/wp:list-item --><!-- wp:list-item --><\/p>\n<ul class=\"wp-block-list\">\n<li style=\"list-style-type: none;\">\n<ul class=\"wp-block-list\">\n<li><strong>Integraci\u00f3n con servicios de nube, monitoreo y seguridad de Telesma<\/strong><\/li>\n<\/ul>\n<\/li>\n<\/ul>\n<p><!-- \/wp:list-item --><!-- wp:list-item --><\/p>\n<ul class=\"wp-block-list\">\n<li style=\"list-style-type: none;\">\n<ul class=\"wp-block-list\">\n<li>Expande las capacidades de tu infraestructura con servicios complementarios:<\/li>\n<\/ul>\n<\/li>\n<\/ul>\n<p><!-- \/wp:list-item --><!-- wp:list-item --><\/p>\n<ul class=\"wp-block-list\">\n<li style=\"list-style-type: none;\">\n<ul class=\"wp-block-list\">\n<li>Nube h\u00edbrida y privada<\/li>\n<\/ul>\n<\/li>\n<\/ul>\n<p><!-- \/wp:list-item --><!-- wp:list-item --><\/p>\n<ul class=\"wp-block-list\">\n<li style=\"list-style-type: none;\">\n<ul class=\"wp-block-list\">\n<li>Monitoreo avanzado de infraestructura<\/li>\n<\/ul>\n<\/li>\n<\/ul>\n<p><!-- \/wp:list-item --><!-- wp:list-item --><\/p>\n<ul class=\"wp-block-list\">\n<li style=\"list-style-type: none;\">\n<ul class=\"wp-block-list\">\n<li>Soluciones de seguridad administrada<\/li>\n<\/ul>\n<\/li>\n<\/ul>\n<p><!-- \/wp:list-item --><!-- wp:list-item --><\/p>\n<ul class=\"wp-block-list\">\n<li style=\"list-style-type: none;\">\n<ul class=\"wp-block-list\">\n<li>Respaldo y recuperaci\u00f3n ante desastres (DR\/BCP)<\/li>\n<\/ul>\n<\/li>\n<\/ul>\n<p><!-- \/wp:list-item --><\/p>\n<p><!-- \/wp:list --><!-- wp:paragraph --><\/p>\n<p>\u00a0<\/p>\n<p>\u00a0<\/p>\n<p>Asegura la continuidad de tu operaci\u00f3n con un entorno profesional, confiable y escalable que se adapta al crecimiento de tu organizaci\u00f3n.<br \/><strong>Telesma protege tu infraestructura para que tu negocio nunca se detenga.<\/strong><\/p>\n<p><!-- \/wp:paragraph --><!-- wp:separator --><\/p>\n<hr class=\"wp-block-separator has-alpha-channel-opacity\" \/>\n<p><!-- \/wp:separator --><\/p>\t\t\t\t\t\t<\/div>\n\t\t\t\t<\/div>\n\t\t\t\t\t<\/div>\n\t\t<\/div>\n\t\t\t\t\t\t\t<\/div>\n\t\t<\/section>\n\t\t\t\t<section class=\"elementor-section elementor-top-section elementor-element elementor-element-f993136 elementor-section-boxed elementor-section-height-default elementor-section-height-default\" data-id=\"f993136\" data-element_type=\"section\">\n\t\t\t\t\t\t<div class=\"elementor-container elementor-column-gap-default\">\n\t\t\t\t\t<div class=\"elementor-column elementor-col-100 elementor-top-column elementor-element elementor-element-dd58d29\" data-id=\"dd58d29\" data-element_type=\"column\">\n\t\t\t<div class=\"elementor-widget-wrap elementor-element-populated\">\n\t\t\t\t\t\t\t\t<div class=\"elementor-element elementor-element-7b1698b elementor-widget elementor-widget-image\" data-id=\"7b1698b\" data-element_type=\"widget\" data-widget_type=\"image.default\">\n\t\t\t\t<div class=\"elementor-widget-container\">\n\t\t\t\t\t\t\t\t\t\t\t\t\t\t\t<img loading=\"lazy\" decoding=\"async\" width=\"1595\" height=\"1277\" src=\"https:\/\/telesma.mx\/wp-content\/uploads\/2025\/11\/patrick-tomasso-5eZu5p0vSPg-unsplash.jpg\" class=\"attachment-2048x2048 size-2048x2048\" alt=\"\" srcset=\"https:\/\/telesma.mx\/wp-content\/uploads\/2025\/11\/patrick-tomasso-5eZu5p0vSPg-unsplash.jpg 1595w, https:\/\/telesma.mx\/wp-content\/uploads\/2025\/11\/patrick-tomasso-5eZu5p0vSPg-unsplash-300x240.jpg 300w, https:\/\/telesma.mx\/wp-content\/uploads\/2025\/11\/patrick-tomasso-5eZu5p0vSPg-unsplash-1024x820.jpg 1024w, https:\/\/telesma.mx\/wp-content\/uploads\/2025\/11\/patrick-tomasso-5eZu5p0vSPg-unsplash-768x615.jpg 768w, https:\/\/telesma.mx\/wp-content\/uploads\/2025\/11\/patrick-tomasso-5eZu5p0vSPg-unsplash-1536x1230.jpg 1536w\" sizes=\"auto, (max-width: 1595px) 100vw, 1595px\" \/>\t\t\t\t\t\t\t\t\t\t\t\t\t\t\t<\/div>\n\t\t\t\t<\/div>\n\t\t\t\t\t<\/div>\n\t\t<\/div>\n\t\t\t\t\t\t\t<\/div>\n\t\t<\/section>\n\t\t\t\t\t\t<\/div>\n\t\t\t\t\t<\/div>\n\t\t","protected":false},"excerpt":{"rendered":"<p>Coubicaci\u00f3n \u2013 Infraestructura de C\u00f3mputo Segura La continuidad operativa de tu organizaci\u00f3n depende de contar con un entorno f\u00edsico confiable, resiliente y preparado para proteger tus sistemas cr\u00edticos. Nuestro servicio de Coubicaci\u00f3n ofrece espacios dise\u00f1ados para brindar m\u00e1xima seguridad, disponibilidad y control, respaldados por infraestructura de nivel empresarial y est\u00e1ndares internacionales. Beneficios de la Coubicaci\u00f3n [&hellip;]<\/p>\n","protected":false},"author":1,"featured_media":0,"parent":0,"menu_order":0,"comment_status":"closed","ping_status":"closed","template":"","meta":{"footnotes":""},"class_list":["post-562","page","type-page","status-publish","hentry","entry"],"yoast_head":"<!-- This site is optimized with the Yoast SEO plugin v17.6 - https:\/\/yoast.com\/wordpress\/plugins\/seo\/ -->\n<title>Coubicaci\u00f3n - Telesma<\/title>\n<meta name=\"robots\" content=\"index, follow, max-snippet:-1, max-image-preview:large, max-video-preview:-1\" \/>\n<link rel=\"canonical\" href=\"https:\/\/telesma.mx\/index.php\/coubicacion\/\" \/>\n<meta property=\"og:locale\" content=\"es_ES\" \/>\n<meta property=\"og:type\" content=\"article\" \/>\n<meta property=\"og:title\" content=\"Coubicaci\u00f3n - Telesma\" \/>\n<meta property=\"og:description\" content=\"Coubicaci\u00f3n \u2013 Infraestructura de C\u00f3mputo Segura La continuidad operativa de tu organizaci\u00f3n depende de contar con un entorno f\u00edsico confiable, resiliente y preparado para proteger tus sistemas cr\u00edticos. Nuestro servicio de Coubicaci\u00f3n ofrece espacios dise\u00f1ados para brindar m\u00e1xima seguridad, disponibilidad y control, respaldados por infraestructura de nivel empresarial y est\u00e1ndares internacionales. Beneficios de la Coubicaci\u00f3n [&hellip;]\" \/>\n<meta property=\"og:url\" content=\"https:\/\/telesma.mx\/index.php\/coubicacion\/\" \/>\n<meta property=\"og:site_name\" content=\"Telesma\" \/>\n<meta property=\"article:modified_time\" content=\"2025-11-20T00:13:47+00:00\" \/>\n<meta property=\"og:image\" content=\"https:\/\/telesma.mx\/wp-content\/uploads\/2025\/11\/andrea-de-santis-WIi8SZvKGTQ-unsplash-1024x683.jpg\" \/>\n<meta name=\"twitter:card\" content=\"summary_large_image\" \/>\n<meta name=\"twitter:label1\" content=\"Tiempo de lectura\" \/>\n\t<meta name=\"twitter:data1\" content=\"2 minutos\" \/>\n<script type=\"application\/ld+json\" class=\"yoast-schema-graph\">{\"@context\":\"https:\/\/schema.org\",\"@graph\":[{\"@type\":\"WebSite\",\"@id\":\"https:\/\/telesma.mx\/#website\",\"url\":\"https:\/\/telesma.mx\/\",\"name\":\"Telesma\",\"description\":\"Information Risk Management\",\"potentialAction\":[{\"@type\":\"SearchAction\",\"target\":{\"@type\":\"EntryPoint\",\"urlTemplate\":\"https:\/\/telesma.mx\/?s={search_term_string}\"},\"query-input\":\"required name=search_term_string\"}],\"inLanguage\":\"es\"},{\"@type\":\"ImageObject\",\"@id\":\"https:\/\/telesma.mx\/index.php\/coubicacion\/#primaryimage\",\"inLanguage\":\"es\",\"url\":\"https:\/\/telesma.mx\/wp-content\/uploads\/2025\/11\/andrea-de-santis-WIi8SZvKGTQ-unsplash-1024x683.jpg\",\"contentUrl\":\"https:\/\/telesma.mx\/wp-content\/uploads\/2025\/11\/andrea-de-santis-WIi8SZvKGTQ-unsplash-1024x683.jpg\"},{\"@type\":\"WebPage\",\"@id\":\"https:\/\/telesma.mx\/index.php\/coubicacion\/#webpage\",\"url\":\"https:\/\/telesma.mx\/index.php\/coubicacion\/\",\"name\":\"Coubicaci\\u00f3n - Telesma\",\"isPartOf\":{\"@id\":\"https:\/\/telesma.mx\/#website\"},\"primaryImageOfPage\":{\"@id\":\"https:\/\/telesma.mx\/index.php\/coubicacion\/#primaryimage\"},\"datePublished\":\"2025-11-19T23:32:16+00:00\",\"dateModified\":\"2025-11-20T00:13:47+00:00\",\"breadcrumb\":{\"@id\":\"https:\/\/telesma.mx\/index.php\/coubicacion\/#breadcrumb\"},\"inLanguage\":\"es\",\"potentialAction\":[{\"@type\":\"ReadAction\",\"target\":[\"https:\/\/telesma.mx\/index.php\/coubicacion\/\"]}]},{\"@type\":\"BreadcrumbList\",\"@id\":\"https:\/\/telesma.mx\/index.php\/coubicacion\/#breadcrumb\",\"itemListElement\":[{\"@type\":\"ListItem\",\"position\":1,\"name\":\"Portada\",\"item\":\"https:\/\/telesma.mx\/\"},{\"@type\":\"ListItem\",\"position\":2,\"name\":\"Coubicaci\\u00f3n\"}]}]}<\/script>\n<!-- \/ Yoast SEO plugin. -->","yoast_head_json":{"title":"Coubicaci\u00f3n - Telesma","robots":{"index":"index","follow":"follow","max-snippet":"max-snippet:-1","max-image-preview":"max-image-preview:large","max-video-preview":"max-video-preview:-1"},"canonical":"https:\/\/telesma.mx\/index.php\/coubicacion\/","og_locale":"es_ES","og_type":"article","og_title":"Coubicaci\u00f3n - Telesma","og_description":"Coubicaci\u00f3n \u2013 Infraestructura de C\u00f3mputo Segura La continuidad operativa de tu organizaci\u00f3n depende de contar con un entorno f\u00edsico confiable, resiliente y preparado para proteger tus sistemas cr\u00edticos. Nuestro servicio de Coubicaci\u00f3n ofrece espacios dise\u00f1ados para brindar m\u00e1xima seguridad, disponibilidad y control, respaldados por infraestructura de nivel empresarial y est\u00e1ndares internacionales. Beneficios de la Coubicaci\u00f3n [&hellip;]","og_url":"https:\/\/telesma.mx\/index.php\/coubicacion\/","og_site_name":"Telesma","article_modified_time":"2025-11-20T00:13:47+00:00","og_image":[{"url":"https:\/\/telesma.mx\/wp-content\/uploads\/2025\/11\/andrea-de-santis-WIi8SZvKGTQ-unsplash-1024x683.jpg"}],"twitter_card":"summary_large_image","twitter_misc":{"Tiempo de lectura":"2 minutos"},"schema":{"@context":"https:\/\/schema.org","@graph":[{"@type":"WebSite","@id":"https:\/\/telesma.mx\/#website","url":"https:\/\/telesma.mx\/","name":"Telesma","description":"Information Risk Management","potentialAction":[{"@type":"SearchAction","target":{"@type":"EntryPoint","urlTemplate":"https:\/\/telesma.mx\/?s={search_term_string}"},"query-input":"required name=search_term_string"}],"inLanguage":"es"},{"@type":"ImageObject","@id":"https:\/\/telesma.mx\/index.php\/coubicacion\/#primaryimage","inLanguage":"es","url":"https:\/\/telesma.mx\/wp-content\/uploads\/2025\/11\/andrea-de-santis-WIi8SZvKGTQ-unsplash-1024x683.jpg","contentUrl":"https:\/\/telesma.mx\/wp-content\/uploads\/2025\/11\/andrea-de-santis-WIi8SZvKGTQ-unsplash-1024x683.jpg"},{"@type":"WebPage","@id":"https:\/\/telesma.mx\/index.php\/coubicacion\/#webpage","url":"https:\/\/telesma.mx\/index.php\/coubicacion\/","name":"Coubicaci\u00f3n - Telesma","isPartOf":{"@id":"https:\/\/telesma.mx\/#website"},"primaryImageOfPage":{"@id":"https:\/\/telesma.mx\/index.php\/coubicacion\/#primaryimage"},"datePublished":"2025-11-19T23:32:16+00:00","dateModified":"2025-11-20T00:13:47+00:00","breadcrumb":{"@id":"https:\/\/telesma.mx\/index.php\/coubicacion\/#breadcrumb"},"inLanguage":"es","potentialAction":[{"@type":"ReadAction","target":["https:\/\/telesma.mx\/index.php\/coubicacion\/"]}]},{"@type":"BreadcrumbList","@id":"https:\/\/telesma.mx\/index.php\/coubicacion\/#breadcrumb","itemListElement":[{"@type":"ListItem","position":1,"name":"Portada","item":"https:\/\/telesma.mx\/"},{"@type":"ListItem","position":2,"name":"Coubicaci\u00f3n"}]}]}},"_links":{"self":[{"href":"https:\/\/telesma.mx\/index.php\/wp-json\/wp\/v2\/pages\/562","targetHints":{"allow":["GET"]}}],"collection":[{"href":"https:\/\/telesma.mx\/index.php\/wp-json\/wp\/v2\/pages"}],"about":[{"href":"https:\/\/telesma.mx\/index.php\/wp-json\/wp\/v2\/types\/page"}],"author":[{"embeddable":true,"href":"https:\/\/telesma.mx\/index.php\/wp-json\/wp\/v2\/users\/1"}],"replies":[{"embeddable":true,"href":"https:\/\/telesma.mx\/index.php\/wp-json\/wp\/v2\/comments?post=562"}],"version-history":[{"count":11,"href":"https:\/\/telesma.mx\/index.php\/wp-json\/wp\/v2\/pages\/562\/revisions"}],"predecessor-version":[{"id":577,"href":"https:\/\/telesma.mx\/index.php\/wp-json\/wp\/v2\/pages\/562\/revisions\/577"}],"wp:attachment":[{"href":"https:\/\/telesma.mx\/index.php\/wp-json\/wp\/v2\/media?parent=562"}],"curies":[{"name":"wp","href":"https:\/\/api.w.org\/{rel}","templated":true}]}}