{"id":544,"date":"2025-11-19T23:13:11","date_gmt":"2025-11-19T23:13:11","guid":{"rendered":"https:\/\/telesma.mx\/?page_id=544"},"modified":"2025-11-19T23:30:15","modified_gmt":"2025-11-19T23:30:15","slug":"pruebas-de-seguridad","status":"publish","type":"page","link":"https:\/\/telesma.mx\/index.php\/pruebas-de-seguridad\/","title":{"rendered":"Pruebas de seguridad"},"content":{"rendered":"\t\t<div data-elementor-type=\"wp-page\" data-elementor-id=\"544\" class=\"elementor elementor-544\" data-elementor-settings=\"[]\">\n\t\t\t\t\t\t\t<div class=\"elementor-section-wrap\">\n\t\t\t\t\t\t\t<section class=\"elementor-section elementor-top-section elementor-element elementor-element-41e6a2c4 elementor-section-boxed elementor-section-height-default elementor-section-height-default\" data-id=\"41e6a2c4\" data-element_type=\"section\">\n\t\t\t\t\t\t<div class=\"elementor-container elementor-column-gap-default\">\n\t\t\t\t\t<div class=\"elementor-column elementor-col-100 elementor-top-column elementor-element elementor-element-1281c58e\" data-id=\"1281c58e\" data-element_type=\"column\">\n\t\t\t<div class=\"elementor-widget-wrap elementor-element-populated\">\n\t\t\t\t\t\t\t\t<div class=\"elementor-element elementor-element-23c072a5 elementor-widget elementor-widget-text-editor\" data-id=\"23c072a5\" data-element_type=\"widget\" data-widget_type=\"text-editor.default\">\n\t\t\t\t<div class=\"elementor-widget-container\">\n\t\t\t\t\t\t\t<p><!-- wp:paragraph --><\/p>\n<p><!-- \/wp:paragraph --><!-- wp:image {\"id\":546,\"sizeSlug\":\"full\",\"linkDestination\":\"none\"} --><\/p>\n<figure><img decoding=\"async\" src=\"https:\/\/telesma.mx\/wp-content\/uploads\/2025\/11\/Unknown-5.jpeg\" alt=\"\" \/><\/figure>\n<p><!-- \/wp:image --><!-- wp:paragraph --><\/p>\n<p><strong>Pruebas de Seguridad \u2013 Ethical Hacking y An\u00e1lisis de Vulnerabilidades<\/strong><\/p>\n<p><!-- \/wp:paragraph --><!-- wp:paragraph --><\/p>\n<p><strong>Beneficios:<\/strong><\/p>\n<p><!-- \/wp:paragraph --><!-- wp:list --><\/p>\n<ul>\n<li style=\"list-style-type: none;\">\n<ul><!-- wp:list-item --><\/ul>\n<\/li>\n<\/ul>\n<p>\u00a0<\/p>\n<ul>\n<li style=\"list-style-type: none;\">\n<ul>\n<li>Pruebas de penetraci\u00f3n (caja negra, gris y blanca).<\/li>\n<\/ul>\n<\/li>\n<\/ul>\n<p><!-- \/wp:list-item --><!-- wp:list-item --><\/p>\n<ul>\n<li style=\"list-style-type: none;\">\n<ul>\n<li>An\u00e1lisis detallado de vulnerabilidades bajo est\u00e1ndares CVSS.<\/li>\n<\/ul>\n<\/li>\n<\/ul>\n<p><!-- \/wp:list-item --><!-- wp:list-item --><\/p>\n<ul>\n<li style=\"list-style-type: none;\">\n<ul>\n<li>Detecci\u00f3n temprana de riesgos internos y externos.<\/li>\n<\/ul>\n<\/li>\n<\/ul>\n<p><!-- \/wp:list-item --><!-- wp:list-item --><\/p>\n<ul>\n<li style=\"list-style-type: none;\">\n<ul>\n<li>Informes ejecutivos y t\u00e9cnicos con recomendaciones claras.<\/li>\n<\/ul>\n<\/li>\n<\/ul>\n<p><!-- \/wp:list-item --><!-- wp:list-item --><\/p>\n<ul>\n<li style=\"list-style-type: none;\">\n<ul>\n<li>Reducci\u00f3n de falsos positivos y priorizaci\u00f3n realista de mitigaci\u00f3n.<\/li>\n<\/ul>\n<\/li>\n<\/ul>\n<p><!-- \/wp:list-item --><!-- wp:list-item --><\/p>\n<ul>\n<li style=\"list-style-type: none;\">\n<ul>\n<li>Mayor cumplimiento regulatorio y fortalecimiento de tu postura de seguridad.<\/li>\n<\/ul>\n<\/li>\n<\/ul>\n<p><!-- \/wp:list-item --><\/p>\n<p><!-- \/wp:list --><!-- wp:paragraph --><\/p>\n<p><strong>Fortalece tu seguridad con pruebas profesionales de Telesma<\/strong><\/p>\n<p><!-- \/wp:paragraph --><!-- wp:media-text {\"mediaId\":548,\"mediaLink\":\"https:\/\/telesma.mx\/index.php\/pruebas-de-seguridad\/jr-korpa-sysustxy8bq-unsplash\/\",\"mediaType\":\"image\"} --><\/p>\n<div>\n<figure><img decoding=\"async\" src=\"https:\/\/telesma.mx\/wp-content\/uploads\/2025\/11\/jr-korpa-sYsUStxY8bQ-unsplash-1024x546.jpg\" alt=\"\" \/>En un entorno digital en constante evoluci\u00f3n, las amenazas avanzan m\u00e1s r\u00e1pido que nunca. Nuestras <strong data-start=\"274\" data-end=\"298\">Pruebas de Seguridad<\/strong> combinan <em data-start=\"308\" data-end=\"325\">ethical hacking<\/em>, t\u00e9cnicas de an\u00e1lisis profundo y metodolog\u00edas reconocidas internacionalmente para identificar, validar y priorizar riesgos antes de que puedan ser explotados.<\/figure>\n<div>\n<p><!-- wp:paragraph {\"placeholder\":\"Contenido\u2026\"} --><\/p>\n<p><!-- \/wp:paragraph --><\/p>\n<\/div>\n<\/div>\n<p><!-- \/wp:media-text --><\/p>\t\t\t\t\t\t<\/div>\n\t\t\t\t<\/div>\n\t\t\t\t\t<\/div>\n\t\t<\/div>\n\t\t\t\t\t\t\t<\/div>\n\t\t<\/section>\n\t\t\t\t<section class=\"elementor-section elementor-top-section elementor-element elementor-element-6065443 elementor-section-boxed elementor-section-height-default elementor-section-height-default\" data-id=\"6065443\" data-element_type=\"section\">\n\t\t\t\t\t\t<div class=\"elementor-container elementor-column-gap-default\">\n\t\t\t\t\t<div class=\"elementor-column elementor-col-100 elementor-top-column elementor-element elementor-element-8980565\" data-id=\"8980565\" data-element_type=\"column\">\n\t\t\t<div class=\"elementor-widget-wrap elementor-element-populated\">\n\t\t\t\t\t\t\t\t<div class=\"elementor-element elementor-element-01a1f17 elementor-widget elementor-widget-text-editor\" data-id=\"01a1f17\" data-element_type=\"widget\" data-widget_type=\"text-editor.default\">\n\t\t\t\t<div class=\"elementor-widget-container\">\n\t\t\t\t\t\t\t<div class=\"pointer-events-none h-px w-px\" aria-hidden=\"true\" data-edge=\"true\">\u00a0<\/div>\n<article class=\"text-token-text-primary w-full focus:outline-none [--shadow-height:45px] has-data-writing-block:pointer-events-none has-data-writing-block:-mt-(--shadow-height) has-data-writing-block:pt-(--shadow-height) [&amp;:has([data-writing-block])&gt;*]:pointer-events-auto [content-visibility:auto] supports-[content-visibility:auto]:[contain-intrinsic-size:auto_100lvh] scroll-mt-[calc(var(--header-height)+min(200px,max(70px,20svh)))]\" dir=\"auto\" tabindex=\"-1\" data-turn-id=\"44a05e24-300e-419c-baad-656ca0891e55\" data-testid=\"conversation-turn-2\" data-scroll-anchor=\"true\" data-turn=\"assistant\">\n<div class=\"text-base my-auto mx-auto pb-10 [--thread-content-margin:--spacing(4)] thread-sm:[--thread-content-margin:--spacing(6)] thread-lg:[--thread-content-margin:--spacing(16)] px-(--thread-content-margin)\">\n<div class=\"[--thread-content-max-width:40rem] thread-lg:[--thread-content-max-width:48rem] mx-auto max-w-(--thread-content-max-width) flex-1 group\/turn-messages focus-visible:outline-hidden relative flex w-full min-w-0 flex-col agent-turn\" tabindex=\"-1\">\n<div class=\"flex max-w-full flex-col grow\">\n<div class=\"min-h-8 text-message relative flex w-full flex-col items-end gap-2 text-start break-words whitespace-normal [.text-message+&amp;]:mt-1\" dir=\"auto\" data-message-author-role=\"assistant\" data-message-id=\"58e13ea1-b156-4930-84d0-e69bf192ea5b\" data-message-model-slug=\"gpt-5-1\">\n<div class=\"flex w-full flex-col gap-1 empty:hidden first:pt-[1px]\">\n<div class=\"markdown prose dark:prose-invert w-full break-words light markdown-new-styling\">\n<h3 data-start=\"1824\" data-end=\"1891\"><strong data-start=\"1828\" data-end=\"1891\">Fortalece tu seguridad con pruebas profesionales de Telesma<\/strong><\/h3>\n<p data-start=\"1893\" data-end=\"2123\">Dise\u00f1amos cada evaluaci\u00f3n para adaptarse a tu entorno, tus objetivos y tu nivel de madurez en ciberseguridad.<br data-start=\"2002\" data-end=\"2005\" \/><strong data-start=\"2005\" data-end=\"2123\">Antic\u00edpate a las amenazas, reduce tu exposici\u00f3n y protege tus activos cr\u00edticos con un enfoque experto y confiable.<\/strong><\/p>\n<p data-start=\"2125\" data-end=\"2256\" data-is-last-node=\"\" data-is-only-node=\"\">Si quieres, puedo complementar el contenido con un llamado a la acci\u00f3n, una versi\u00f3n m\u00e1s breve para redes o un dise\u00f1o tipo brochure.<\/p>\n<\/div>\n<\/div>\n<\/div>\n<\/div>\n<div class=\"z-0 flex min-h-[46px] justify-start\">\u00a0<\/div>\n<\/div>\n<\/div>\n<\/article>\t\t\t\t\t\t<\/div>\n\t\t\t\t<\/div>\n\t\t\t\t\t<\/div>\n\t\t<\/div>\n\t\t\t\t\t\t\t<\/div>\n\t\t<\/section>\n\t\t\t\t<section class=\"elementor-section elementor-top-section elementor-element elementor-element-ab429a8 elementor-section-boxed elementor-section-height-default elementor-section-height-default\" data-id=\"ab429a8\" data-element_type=\"section\">\n\t\t\t\t\t\t<div class=\"elementor-container elementor-column-gap-default\">\n\t\t\t\t\t<div class=\"elementor-column elementor-col-100 elementor-top-column elementor-element elementor-element-10ba8e6\" data-id=\"10ba8e6\" data-element_type=\"column\">\n\t\t\t<div class=\"elementor-widget-wrap\">\n\t\t\t\t\t\t\t\t\t<\/div>\n\t\t<\/div>\n\t\t\t\t\t\t\t<\/div>\n\t\t<\/section>\n\t\t\t\t\t\t<\/div>\n\t\t\t\t\t<\/div>\n\t\t","protected":false},"excerpt":{"rendered":"<p>Pruebas de Seguridad \u2013 Ethical Hacking y An\u00e1lisis de Vulnerabilidades Beneficios: Fortalece tu seguridad con pruebas profesionales de Telesma En un entorno digital en constante evoluci\u00f3n, las amenazas avanzan m\u00e1s r\u00e1pido que nunca. Nuestras Pruebas de Seguridad combinan ethical hacking, t\u00e9cnicas de an\u00e1lisis profundo y metodolog\u00edas reconocidas internacionalmente para identificar, validar y priorizar riesgos antes [&hellip;]<\/p>\n","protected":false},"author":1,"featured_media":0,"parent":0,"menu_order":0,"comment_status":"closed","ping_status":"closed","template":"","meta":{"footnotes":""},"class_list":["post-544","page","type-page","status-publish","hentry","entry"],"yoast_head":"<!-- This site is optimized with the Yoast SEO plugin v17.6 - https:\/\/yoast.com\/wordpress\/plugins\/seo\/ -->\n<title>Pruebas de seguridad - Telesma<\/title>\n<meta name=\"robots\" content=\"index, follow, max-snippet:-1, max-image-preview:large, max-video-preview:-1\" \/>\n<link rel=\"canonical\" href=\"https:\/\/telesma.mx\/index.php\/pruebas-de-seguridad\/\" \/>\n<meta property=\"og:locale\" content=\"es_ES\" \/>\n<meta property=\"og:type\" content=\"article\" \/>\n<meta property=\"og:title\" content=\"Pruebas de seguridad - Telesma\" \/>\n<meta property=\"og:description\" content=\"Pruebas de Seguridad \u2013 Ethical Hacking y An\u00e1lisis de Vulnerabilidades Beneficios: Fortalece tu seguridad con pruebas profesionales de Telesma En un entorno digital en constante evoluci\u00f3n, las amenazas avanzan m\u00e1s r\u00e1pido que nunca. Nuestras Pruebas de Seguridad combinan ethical hacking, t\u00e9cnicas de an\u00e1lisis profundo y metodolog\u00edas reconocidas internacionalmente para identificar, validar y priorizar riesgos antes [&hellip;]\" \/>\n<meta property=\"og:url\" content=\"https:\/\/telesma.mx\/index.php\/pruebas-de-seguridad\/\" \/>\n<meta property=\"og:site_name\" content=\"Telesma\" \/>\n<meta property=\"article:modified_time\" content=\"2025-11-19T23:30:15+00:00\" \/>\n<meta property=\"og:image\" content=\"https:\/\/telesma.mx\/wp-content\/uploads\/2025\/11\/Unknown-5.jpeg\" \/>\n<meta name=\"twitter:card\" content=\"summary_large_image\" \/>\n<meta name=\"twitter:label1\" content=\"Tiempo de lectura\" \/>\n\t<meta name=\"twitter:data1\" content=\"1 minuto\" \/>\n<script type=\"application\/ld+json\" class=\"yoast-schema-graph\">{\"@context\":\"https:\/\/schema.org\",\"@graph\":[{\"@type\":\"WebSite\",\"@id\":\"https:\/\/telesma.mx\/#website\",\"url\":\"https:\/\/telesma.mx\/\",\"name\":\"Telesma\",\"description\":\"Information Risk Management\",\"potentialAction\":[{\"@type\":\"SearchAction\",\"target\":{\"@type\":\"EntryPoint\",\"urlTemplate\":\"https:\/\/telesma.mx\/?s={search_term_string}\"},\"query-input\":\"required name=search_term_string\"}],\"inLanguage\":\"es\"},{\"@type\":\"ImageObject\",\"@id\":\"https:\/\/telesma.mx\/index.php\/pruebas-de-seguridad\/#primaryimage\",\"inLanguage\":\"es\",\"url\":\"https:\/\/telesma.mx\/wp-content\/uploads\/2025\/11\/Unknown-5.jpeg\",\"contentUrl\":\"https:\/\/telesma.mx\/wp-content\/uploads\/2025\/11\/Unknown-5.jpeg\",\"width\":800,\"height\":534},{\"@type\":\"WebPage\",\"@id\":\"https:\/\/telesma.mx\/index.php\/pruebas-de-seguridad\/#webpage\",\"url\":\"https:\/\/telesma.mx\/index.php\/pruebas-de-seguridad\/\",\"name\":\"Pruebas de seguridad - Telesma\",\"isPartOf\":{\"@id\":\"https:\/\/telesma.mx\/#website\"},\"primaryImageOfPage\":{\"@id\":\"https:\/\/telesma.mx\/index.php\/pruebas-de-seguridad\/#primaryimage\"},\"datePublished\":\"2025-11-19T23:13:11+00:00\",\"dateModified\":\"2025-11-19T23:30:15+00:00\",\"breadcrumb\":{\"@id\":\"https:\/\/telesma.mx\/index.php\/pruebas-de-seguridad\/#breadcrumb\"},\"inLanguage\":\"es\",\"potentialAction\":[{\"@type\":\"ReadAction\",\"target\":[\"https:\/\/telesma.mx\/index.php\/pruebas-de-seguridad\/\"]}]},{\"@type\":\"BreadcrumbList\",\"@id\":\"https:\/\/telesma.mx\/index.php\/pruebas-de-seguridad\/#breadcrumb\",\"itemListElement\":[{\"@type\":\"ListItem\",\"position\":1,\"name\":\"Portada\",\"item\":\"https:\/\/telesma.mx\/\"},{\"@type\":\"ListItem\",\"position\":2,\"name\":\"Pruebas de seguridad\"}]}]}<\/script>\n<!-- \/ Yoast SEO plugin. -->","yoast_head_json":{"title":"Pruebas de seguridad - Telesma","robots":{"index":"index","follow":"follow","max-snippet":"max-snippet:-1","max-image-preview":"max-image-preview:large","max-video-preview":"max-video-preview:-1"},"canonical":"https:\/\/telesma.mx\/index.php\/pruebas-de-seguridad\/","og_locale":"es_ES","og_type":"article","og_title":"Pruebas de seguridad - Telesma","og_description":"Pruebas de Seguridad \u2013 Ethical Hacking y An\u00e1lisis de Vulnerabilidades Beneficios: Fortalece tu seguridad con pruebas profesionales de Telesma En un entorno digital en constante evoluci\u00f3n, las amenazas avanzan m\u00e1s r\u00e1pido que nunca. Nuestras Pruebas de Seguridad combinan ethical hacking, t\u00e9cnicas de an\u00e1lisis profundo y metodolog\u00edas reconocidas internacionalmente para identificar, validar y priorizar riesgos antes [&hellip;]","og_url":"https:\/\/telesma.mx\/index.php\/pruebas-de-seguridad\/","og_site_name":"Telesma","article_modified_time":"2025-11-19T23:30:15+00:00","og_image":[{"url":"https:\/\/telesma.mx\/wp-content\/uploads\/2025\/11\/Unknown-5.jpeg"}],"twitter_card":"summary_large_image","twitter_misc":{"Tiempo de lectura":"1 minuto"},"schema":{"@context":"https:\/\/schema.org","@graph":[{"@type":"WebSite","@id":"https:\/\/telesma.mx\/#website","url":"https:\/\/telesma.mx\/","name":"Telesma","description":"Information Risk Management","potentialAction":[{"@type":"SearchAction","target":{"@type":"EntryPoint","urlTemplate":"https:\/\/telesma.mx\/?s={search_term_string}"},"query-input":"required name=search_term_string"}],"inLanguage":"es"},{"@type":"ImageObject","@id":"https:\/\/telesma.mx\/index.php\/pruebas-de-seguridad\/#primaryimage","inLanguage":"es","url":"https:\/\/telesma.mx\/wp-content\/uploads\/2025\/11\/Unknown-5.jpeg","contentUrl":"https:\/\/telesma.mx\/wp-content\/uploads\/2025\/11\/Unknown-5.jpeg","width":800,"height":534},{"@type":"WebPage","@id":"https:\/\/telesma.mx\/index.php\/pruebas-de-seguridad\/#webpage","url":"https:\/\/telesma.mx\/index.php\/pruebas-de-seguridad\/","name":"Pruebas de seguridad - Telesma","isPartOf":{"@id":"https:\/\/telesma.mx\/#website"},"primaryImageOfPage":{"@id":"https:\/\/telesma.mx\/index.php\/pruebas-de-seguridad\/#primaryimage"},"datePublished":"2025-11-19T23:13:11+00:00","dateModified":"2025-11-19T23:30:15+00:00","breadcrumb":{"@id":"https:\/\/telesma.mx\/index.php\/pruebas-de-seguridad\/#breadcrumb"},"inLanguage":"es","potentialAction":[{"@type":"ReadAction","target":["https:\/\/telesma.mx\/index.php\/pruebas-de-seguridad\/"]}]},{"@type":"BreadcrumbList","@id":"https:\/\/telesma.mx\/index.php\/pruebas-de-seguridad\/#breadcrumb","itemListElement":[{"@type":"ListItem","position":1,"name":"Portada","item":"https:\/\/telesma.mx\/"},{"@type":"ListItem","position":2,"name":"Pruebas de seguridad"}]}]}},"_links":{"self":[{"href":"https:\/\/telesma.mx\/index.php\/wp-json\/wp\/v2\/pages\/544","targetHints":{"allow":["GET"]}}],"collection":[{"href":"https:\/\/telesma.mx\/index.php\/wp-json\/wp\/v2\/pages"}],"about":[{"href":"https:\/\/telesma.mx\/index.php\/wp-json\/wp\/v2\/types\/page"}],"author":[{"embeddable":true,"href":"https:\/\/telesma.mx\/index.php\/wp-json\/wp\/v2\/users\/1"}],"replies":[{"embeddable":true,"href":"https:\/\/telesma.mx\/index.php\/wp-json\/wp\/v2\/comments?post=544"}],"version-history":[{"count":11,"href":"https:\/\/telesma.mx\/index.php\/wp-json\/wp\/v2\/pages\/544\/revisions"}],"predecessor-version":[{"id":561,"href":"https:\/\/telesma.mx\/index.php\/wp-json\/wp\/v2\/pages\/544\/revisions\/561"}],"wp:attachment":[{"href":"https:\/\/telesma.mx\/index.php\/wp-json\/wp\/v2\/media?parent=544"}],"curies":[{"name":"wp","href":"https:\/\/api.w.org\/{rel}","templated":true}]}}