{"id":519,"date":"2025-11-19T22:17:07","date_gmt":"2025-11-19T22:17:07","guid":{"rendered":"https:\/\/telesma.mx\/?page_id=519"},"modified":"2025-11-19T22:44:22","modified_gmt":"2025-11-19T22:44:22","slug":"cloud","status":"publish","type":"page","link":"https:\/\/telesma.mx\/index.php\/cloud\/","title":{"rendered":"Cloud"},"content":{"rendered":"\n<figure class=\"wp-block-image size-large\"><img loading=\"lazy\" decoding=\"async\" width=\"1024\" height=\"683\" src=\"https:\/\/telesma.mx\/wp-content\/uploads\/2025\/11\/cerrar-los-empleados-del-centro-de-datos-que-utilizan-dispositivos-para-satisfacer-las-necesidades-de-infraestructura-2-1024x683.jpg\" alt=\"\" class=\"wp-image-522\" srcset=\"https:\/\/telesma.mx\/wp-content\/uploads\/2025\/11\/cerrar-los-empleados-del-centro-de-datos-que-utilizan-dispositivos-para-satisfacer-las-necesidades-de-infraestructura-2-1024x683.jpg 1024w, https:\/\/telesma.mx\/wp-content\/uploads\/2025\/11\/cerrar-los-empleados-del-centro-de-datos-que-utilizan-dispositivos-para-satisfacer-las-necesidades-de-infraestructura-2-300x200.jpg 300w, https:\/\/telesma.mx\/wp-content\/uploads\/2025\/11\/cerrar-los-empleados-del-centro-de-datos-que-utilizan-dispositivos-para-satisfacer-las-necesidades-de-infraestructura-2-768x512.jpg 768w, https:\/\/telesma.mx\/wp-content\/uploads\/2025\/11\/cerrar-los-empleados-del-centro-de-datos-que-utilizan-dispositivos-para-satisfacer-las-necesidades-de-infraestructura-2-1536x1024.jpg 1536w, https:\/\/telesma.mx\/wp-content\/uploads\/2025\/11\/cerrar-los-empleados-del-centro-de-datos-que-utilizan-dispositivos-para-satisfacer-las-necesidades-de-infraestructura-2-2048x1365.jpg 2048w\" sizes=\"auto, (max-width: 1024px) 100vw, 1024px\" \/><\/figure>\n\n\n\n<details class=\"wp-block-details is-layout-flow wp-block-details-is-layout-flow\"><summary><strong>Soluciones en la Nube para un Negocio \u00c1gil, Seguro y Escalable<\/strong><br>\u00a0<\/summary>\n<p>En un entorno donde la agilidad y la resiliencia tecnol\u00f3gica son determinantes para la competitividad, <strong>la nube de Telesma<\/strong> se posiciona como la plataforma ideal para impulsar tu operaci\u00f3n. Con una arquitectura moderna, gesti\u00f3n experta y seguridad de m\u00faltiples capas, nuestras soluciones permiten que tu negocio avance sin interrupciones, sin riesgos y sin complejidades.<\/p>\n\n\n\n<p><strong>Beneficios:<\/strong><\/p>\n\n\n\n<ul class=\"wp-block-list\">\n<li>Infraestructura en la nube privada o p\u00fablica, administrada por expertos.<\/li>\n\n\n\n<li>M\u00e1xima disponibilidad y continuidad operativa.<\/li>\n\n\n\n<li>Reducci\u00f3n de costos y eliminaci\u00f3n de complejidades t\u00e9cnicas.<\/li>\n\n\n\n<li>Protecci\u00f3n avanzada para tus datos cr\u00edticos.<\/li>\n\n\n\n<li>Escalabilidad inmediata seg\u00fan el crecimiento de tu negocio.<\/li>\n<\/ul>\n\n\n\n<p><strong>Descubre c\u00f3mo la nube de Telesma impulsa tu operaci\u00f3n.<\/strong><\/p>\n\n\n\n<div class=\"wp-block-media-text is-stacked-on-mobile\"><figure class=\"wp-block-media-text__media\"><img loading=\"lazy\" decoding=\"async\" width=\"800\" height=\"716\" src=\"https:\/\/telesma.mx\/wp-content\/uploads\/2025\/11\/Unknown-1.jpeg\" alt=\"\" class=\"wp-image-529 size-full\" srcset=\"https:\/\/telesma.mx\/wp-content\/uploads\/2025\/11\/Unknown-1.jpeg 800w, https:\/\/telesma.mx\/wp-content\/uploads\/2025\/11\/Unknown-1-300x269.jpeg 300w, https:\/\/telesma.mx\/wp-content\/uploads\/2025\/11\/Unknown-1-768x687.jpeg 768w\" sizes=\"auto, (max-width: 800px) 100vw, 800px\" \/><\/figure><div class=\"wp-block-media-text__content\">\n<p><strong>Infraestructura en la nube privada o p\u00fablica, administrada por expertos<\/strong><\/p>\n\n\n\n<p>Aprovecha una plataforma dise\u00f1ada bajo los m\u00e1s altos est\u00e1ndares de ingenier\u00eda, donde los especialistas de Telesma se encargan de la administraci\u00f3n, monitoreo, actualizaciones, parches y optimizaci\u00f3n continua.<br>T\u00fa te enfocas en el negocio; nosotros en que todo funcione.<\/p>\n<\/div><\/div>\n\n\n\n<div class=\"wp-block-cover is-light\"><img loading=\"lazy\" decoding=\"async\" width=\"534\" height=\"800\" class=\"wp-block-cover__image-background wp-image-530 size-full\" alt=\"\" src=\"https:\/\/telesma.mx\/wp-content\/uploads\/2025\/11\/Unknown-2.jpeg\" data-object-fit=\"cover\" srcset=\"https:\/\/telesma.mx\/wp-content\/uploads\/2025\/11\/Unknown-2.jpeg 534w, https:\/\/telesma.mx\/wp-content\/uploads\/2025\/11\/Unknown-2-200x300.jpeg 200w\" sizes=\"auto, (max-width: 534px) 100vw, 534px\" \/><span aria-hidden=\"true\" class=\"wp-block-cover__background has-background-dim\" style=\"background-color:#a9a39d\"><\/span><div class=\"wp-block-cover__inner-container is-layout-constrained wp-block-cover-is-layout-constrained\">\n<p class=\"has-text-align-center has-large-font-size\"><strong><mark style=\"background-color:rgba(0, 0, 0, 0)\" class=\"has-inline-color has-white-color\">M\u00e1xima disponibilidad y continuidad operativa<\/mark><br><\/strong><\/p>\n<\/div><\/div>\n<\/details>\n\n\n\n<figure class=\"wp-block-pullquote has-text-align-center\"><blockquote><p><strong>Garantizamos servicios con alta disponibilidad, resiliencia nativa y capacidades avanzadas como:<br>Replicaci\u00f3n de cargas cr\u00edticas<br>Snapshots instant\u00e1neos<br>Planes integrales de recuperaci\u00f3n ante desastres<br>Arquitectura dise\u00f1ada para minimizar el tiempo de inactividad<br>Tu operaci\u00f3n sigue funcionando incluso en los escenarios m\u00e1s exigentes.<\/strong><\/p><\/blockquote><\/figure>\n\n\n\n<p><strong> Reducci\u00f3n de costos y eliminaci\u00f3n de complejidades t\u00e9cnicas<\/strong><\/p>\n\n\n\n<ul class=\"wp-block-list\">\n<li>Con la nube de Telesma eliminas inversiones en hardware, software, mantenimiento y personal especializado.<\/li>\n\n\n\n<li>Nuestro modelo gestionado te permite:<\/li>\n\n\n\n<li>Predecir costos<\/li>\n\n\n\n<li>Operar sin infraestructura propia<\/li>\n\n\n\n<li>Optimizar recursos con base en uso real<\/li>\n\n\n\n<li>Evitar sobreaprovisionamiento<\/li>\n\n\n\n<li>Menor costo total de propiedad y mayor control financiero.<\/li>\n<\/ul>\n","protected":false},"excerpt":{"rendered":"<p>Garantizamos servicios con alta disponibilidad, resiliencia nativa y capacidades avanzadas como:Replicaci\u00f3n de cargas cr\u00edticasSnapshots instant\u00e1neosPlanes integrales de recuperaci\u00f3n ante desastresArquitectura dise\u00f1ada para minimizar el tiempo de inactividadTu operaci\u00f3n sigue funcionando incluso en los escenarios m\u00e1s exigentes. Reducci\u00f3n de costos y eliminaci\u00f3n de complejidades t\u00e9cnicas<\/p>\n","protected":false},"author":1,"featured_media":0,"parent":0,"menu_order":0,"comment_status":"closed","ping_status":"closed","template":"","meta":{"footnotes":""},"class_list":["post-519","page","type-page","status-publish","hentry","entry"],"yoast_head":"<!-- This site is optimized with the Yoast SEO plugin v17.6 - https:\/\/yoast.com\/wordpress\/plugins\/seo\/ -->\n<title>Cloud - Telesma<\/title>\n<meta name=\"robots\" content=\"index, follow, max-snippet:-1, max-image-preview:large, max-video-preview:-1\" \/>\n<link rel=\"canonical\" href=\"https:\/\/telesma.mx\/index.php\/cloud\/\" \/>\n<meta property=\"og:locale\" content=\"es_ES\" \/>\n<meta property=\"og:type\" content=\"article\" \/>\n<meta property=\"og:title\" content=\"Cloud - Telesma\" \/>\n<meta property=\"og:description\" content=\"Garantizamos servicios con alta disponibilidad, resiliencia nativa y capacidades avanzadas como:Replicaci\u00f3n de cargas cr\u00edticasSnapshots instant\u00e1neosPlanes integrales de recuperaci\u00f3n ante desastresArquitectura dise\u00f1ada para minimizar el tiempo de inactividadTu operaci\u00f3n sigue funcionando incluso en los escenarios m\u00e1s exigentes. Reducci\u00f3n de costos y eliminaci\u00f3n de complejidades t\u00e9cnicas\" \/>\n<meta property=\"og:url\" content=\"https:\/\/telesma.mx\/index.php\/cloud\/\" \/>\n<meta property=\"og:site_name\" content=\"Telesma\" \/>\n<meta property=\"article:modified_time\" content=\"2025-11-19T22:44:22+00:00\" \/>\n<meta property=\"og:image\" content=\"https:\/\/telesma.mx\/wp-content\/uploads\/2025\/11\/cerrar-los-empleados-del-centro-de-datos-que-utilizan-dispositivos-para-satisfacer-las-necesidades-de-infraestructura-2-1024x683.jpg\" \/>\n<meta name=\"twitter:card\" content=\"summary_large_image\" \/>\n<meta name=\"twitter:label1\" content=\"Tiempo de lectura\" \/>\n\t<meta name=\"twitter:data1\" content=\"1 minuto\" \/>\n<script type=\"application\/ld+json\" class=\"yoast-schema-graph\">{\"@context\":\"https:\/\/schema.org\",\"@graph\":[{\"@type\":\"WebSite\",\"@id\":\"https:\/\/telesma.mx\/#website\",\"url\":\"https:\/\/telesma.mx\/\",\"name\":\"Telesma\",\"description\":\"Information Risk Management\",\"potentialAction\":[{\"@type\":\"SearchAction\",\"target\":{\"@type\":\"EntryPoint\",\"urlTemplate\":\"https:\/\/telesma.mx\/?s={search_term_string}\"},\"query-input\":\"required name=search_term_string\"}],\"inLanguage\":\"es\"},{\"@type\":\"ImageObject\",\"@id\":\"https:\/\/telesma.mx\/index.php\/cloud\/#primaryimage\",\"inLanguage\":\"es\",\"url\":\"https:\/\/telesma.mx\/wp-content\/uploads\/2025\/11\/cerrar-los-empleados-del-centro-de-datos-que-utilizan-dispositivos-para-satisfacer-las-necesidades-de-infraestructura-2-1024x683.jpg\",\"contentUrl\":\"https:\/\/telesma.mx\/wp-content\/uploads\/2025\/11\/cerrar-los-empleados-del-centro-de-datos-que-utilizan-dispositivos-para-satisfacer-las-necesidades-de-infraestructura-2-1024x683.jpg\"},{\"@type\":\"WebPage\",\"@id\":\"https:\/\/telesma.mx\/index.php\/cloud\/#webpage\",\"url\":\"https:\/\/telesma.mx\/index.php\/cloud\/\",\"name\":\"Cloud - Telesma\",\"isPartOf\":{\"@id\":\"https:\/\/telesma.mx\/#website\"},\"primaryImageOfPage\":{\"@id\":\"https:\/\/telesma.mx\/index.php\/cloud\/#primaryimage\"},\"datePublished\":\"2025-11-19T22:17:07+00:00\",\"dateModified\":\"2025-11-19T22:44:22+00:00\",\"breadcrumb\":{\"@id\":\"https:\/\/telesma.mx\/index.php\/cloud\/#breadcrumb\"},\"inLanguage\":\"es\",\"potentialAction\":[{\"@type\":\"ReadAction\",\"target\":[\"https:\/\/telesma.mx\/index.php\/cloud\/\"]}]},{\"@type\":\"BreadcrumbList\",\"@id\":\"https:\/\/telesma.mx\/index.php\/cloud\/#breadcrumb\",\"itemListElement\":[{\"@type\":\"ListItem\",\"position\":1,\"name\":\"Portada\",\"item\":\"https:\/\/telesma.mx\/\"},{\"@type\":\"ListItem\",\"position\":2,\"name\":\"Cloud\"}]}]}<\/script>\n<!-- \/ Yoast SEO plugin. -->","yoast_head_json":{"title":"Cloud - Telesma","robots":{"index":"index","follow":"follow","max-snippet":"max-snippet:-1","max-image-preview":"max-image-preview:large","max-video-preview":"max-video-preview:-1"},"canonical":"https:\/\/telesma.mx\/index.php\/cloud\/","og_locale":"es_ES","og_type":"article","og_title":"Cloud - Telesma","og_description":"Garantizamos servicios con alta disponibilidad, resiliencia nativa y capacidades avanzadas como:Replicaci\u00f3n de cargas cr\u00edticasSnapshots instant\u00e1neosPlanes integrales de recuperaci\u00f3n ante desastresArquitectura dise\u00f1ada para minimizar el tiempo de inactividadTu operaci\u00f3n sigue funcionando incluso en los escenarios m\u00e1s exigentes. Reducci\u00f3n de costos y eliminaci\u00f3n de complejidades t\u00e9cnicas","og_url":"https:\/\/telesma.mx\/index.php\/cloud\/","og_site_name":"Telesma","article_modified_time":"2025-11-19T22:44:22+00:00","og_image":[{"url":"https:\/\/telesma.mx\/wp-content\/uploads\/2025\/11\/cerrar-los-empleados-del-centro-de-datos-que-utilizan-dispositivos-para-satisfacer-las-necesidades-de-infraestructura-2-1024x683.jpg"}],"twitter_card":"summary_large_image","twitter_misc":{"Tiempo de lectura":"1 minuto"},"schema":{"@context":"https:\/\/schema.org","@graph":[{"@type":"WebSite","@id":"https:\/\/telesma.mx\/#website","url":"https:\/\/telesma.mx\/","name":"Telesma","description":"Information Risk Management","potentialAction":[{"@type":"SearchAction","target":{"@type":"EntryPoint","urlTemplate":"https:\/\/telesma.mx\/?s={search_term_string}"},"query-input":"required name=search_term_string"}],"inLanguage":"es"},{"@type":"ImageObject","@id":"https:\/\/telesma.mx\/index.php\/cloud\/#primaryimage","inLanguage":"es","url":"https:\/\/telesma.mx\/wp-content\/uploads\/2025\/11\/cerrar-los-empleados-del-centro-de-datos-que-utilizan-dispositivos-para-satisfacer-las-necesidades-de-infraestructura-2-1024x683.jpg","contentUrl":"https:\/\/telesma.mx\/wp-content\/uploads\/2025\/11\/cerrar-los-empleados-del-centro-de-datos-que-utilizan-dispositivos-para-satisfacer-las-necesidades-de-infraestructura-2-1024x683.jpg"},{"@type":"WebPage","@id":"https:\/\/telesma.mx\/index.php\/cloud\/#webpage","url":"https:\/\/telesma.mx\/index.php\/cloud\/","name":"Cloud - Telesma","isPartOf":{"@id":"https:\/\/telesma.mx\/#website"},"primaryImageOfPage":{"@id":"https:\/\/telesma.mx\/index.php\/cloud\/#primaryimage"},"datePublished":"2025-11-19T22:17:07+00:00","dateModified":"2025-11-19T22:44:22+00:00","breadcrumb":{"@id":"https:\/\/telesma.mx\/index.php\/cloud\/#breadcrumb"},"inLanguage":"es","potentialAction":[{"@type":"ReadAction","target":["https:\/\/telesma.mx\/index.php\/cloud\/"]}]},{"@type":"BreadcrumbList","@id":"https:\/\/telesma.mx\/index.php\/cloud\/#breadcrumb","itemListElement":[{"@type":"ListItem","position":1,"name":"Portada","item":"https:\/\/telesma.mx\/"},{"@type":"ListItem","position":2,"name":"Cloud"}]}]}},"_links":{"self":[{"href":"https:\/\/telesma.mx\/index.php\/wp-json\/wp\/v2\/pages\/519","targetHints":{"allow":["GET"]}}],"collection":[{"href":"https:\/\/telesma.mx\/index.php\/wp-json\/wp\/v2\/pages"}],"about":[{"href":"https:\/\/telesma.mx\/index.php\/wp-json\/wp\/v2\/types\/page"}],"author":[{"embeddable":true,"href":"https:\/\/telesma.mx\/index.php\/wp-json\/wp\/v2\/users\/1"}],"replies":[{"embeddable":true,"href":"https:\/\/telesma.mx\/index.php\/wp-json\/wp\/v2\/comments?post=519"}],"version-history":[{"count":5,"href":"https:\/\/telesma.mx\/index.php\/wp-json\/wp\/v2\/pages\/519\/revisions"}],"predecessor-version":[{"id":532,"href":"https:\/\/telesma.mx\/index.php\/wp-json\/wp\/v2\/pages\/519\/revisions\/532"}],"wp:attachment":[{"href":"https:\/\/telesma.mx\/index.php\/wp-json\/wp\/v2\/media?parent=519"}],"curies":[{"name":"wp","href":"https:\/\/api.w.org\/{rel}","templated":true}]}}