{"id":410,"date":"2021-11-25T18:00:53","date_gmt":"2021-11-25T18:00:53","guid":{"rendered":"https:\/\/telesma.mx\/?page_id=410"},"modified":"2026-02-19T18:58:21","modified_gmt":"2026-02-19T18:58:21","slug":"aviso-de-privacidad","status":"publish","type":"page","link":"https:\/\/telesma.mx\/index.php\/aviso-de-privacidad\/","title":{"rendered":"Aviso de privacidad"},"content":{"rendered":"\t\t<div data-elementor-type=\"wp-page\" data-elementor-id=\"410\" class=\"elementor elementor-410\" data-elementor-settings=\"[]\">\n\t\t\t\t\t\t\t<div class=\"elementor-section-wrap\">\n\t\t\t\t\t\t\t<section class=\"elementor-section elementor-top-section elementor-element elementor-element-7077125 elementor-section-boxed elementor-section-height-default elementor-section-height-default\" data-id=\"7077125\" data-element_type=\"section\">\n\t\t\t\t\t\t<div class=\"elementor-container elementor-column-gap-default\">\n\t\t\t\t\t<div class=\"elementor-column elementor-col-100 elementor-top-column elementor-element elementor-element-c38996f\" data-id=\"c38996f\" data-element_type=\"column\">\n\t\t\t<div class=\"elementor-widget-wrap elementor-element-populated\">\n\t\t\t\t\t\t\t\t<div class=\"elementor-element elementor-element-96049e4 elementor-widget elementor-widget-text-editor\" data-id=\"96049e4\" data-element_type=\"widget\" data-widget_type=\"text-editor.default\">\n\t\t\t\t<div class=\"elementor-widget-container\">\n\t\t\t\t\t\t\t<p><span style=\"font-weight: 400;\">En cumplimiento con lo dispuesto por la Ley Federal de Protecci\u00f3n de Datos Personales en Posesi\u00f3n de los Particulares (en lo sucesivo denominada como la \u201cLey\u201d), TELESMA S. DE R.L. DE C.V., con domicilio Horacio 1840, Col. Polanco I Secci\u00f3n, C.P. 11510, Delegaci\u00f3n Miguel Hidalgo, Ciudad de M\u00e9xico, se hace responsable del tratamiento y protecci\u00f3n de todos aquellos Datos Personales que los Titulares nos proporcionen bajo su consentimiento.<\/span><\/p><p><span style=\"font-weight: 400;\">Telesma puede recabar, utilizar, almacenar o transferir (\u201cTratar\u201d) sus Datos Personales a trav\u00e9s de formatos impresos, digitales, visuales, sonoros o cualquier otra tecnolog\u00eda y para las finalidades de reclutamiento, contrataci\u00f3n, evaluaci\u00f3n y desarrollo de personal, acceso a instalaciones, relaci\u00f3n con proveedores o prestadores de servicio y la relaci\u00f3n establecida con clientes de Telesma, en algunas ocasiones siendo apoyados en esta tarea por socios de negocio, pero siempre de acuerdo a los lineamientos de las leyes aplicables y este Aviso de Privacidad.<\/span><\/p><p><span style=\"font-weight: 400;\">Para las finalidades antes mencionadas, Telesma <\/span><span style=\"font-weight: 400;\">\u00a0requiere obtener sus Datos Personales determinados en las categor\u00edas de Datos Personales Generales, Datos Personales Laborales y Datos Personales Patrimoniales o Financieros.<\/span><\/p><p><span style=\"font-weight: 400;\">En caso de que Telesma haga uso de los Datos Personales para otras finalidades no descritas en el p\u00e1rrafo anterior, siempre se har\u00e1 cuidando que estos sean tratados \u00fanicamente en conformidad con lo que establezcan las disposiciones legales aplicables.<\/span><\/p><p><span style=\"font-weight: 400;\">Usted, como Titular de sus Datos Personales, tiene derecho a tener acceso a ellos, a rectificarlos en caso de que alguno sea incorrecto o haya cambiado, a cancelarlos, revocando el consentimiento que nos haya otorgado o a oponerse al tratamiento que le estemos dando a los mismos.<\/span><\/p><p><span style=\"font-weight: 400;\">Para el ejercicio de dichos derechos, ponemos a su disposici\u00f3n el formato de\u00a0\u201cSolicitud ARCO\u201d, el cual deber\u00e1 presentar de manera presencial en nuestras oficinas ubicadas en\u00a0<\/span><span style=\"font-family: Dosis; font-size: 15px; font-style: normal; font-variant-ligatures: normal; font-variant-caps: normal; font-weight: 400;\">Horacio 1840, Col. Polanco I Secci\u00f3n, C.P. 11510, Delegaci\u00f3n Miguel Hidalgo, Ciudad de M\u00e9xico,\u00a0<\/span><span style=\"font-size: 15px; font-weight: 400;\">conforme a las instrucciones contenidas en dicho formato para que la Persona Encargada de la Protecci\u00f3n de Datos Personales pueda dar tr\u00e1mite a su solicitud.<\/span><\/p><p><span style=\"font-weight: 400;\">De igual forma si tiene alguna duda, queja o si requiere mayor informaci\u00f3n al respecto, favor de comunicarse al tel\u00e9fono (55) 50004499 o a la direcci\u00f3n de correo electr\u00f3nico <\/span><a href=\"mailto:luis.sanchez@telesma.mx\"><span style=\"font-weight: 400;\">luis.sanchez@telesma.mx<\/span><\/a><span style=\"font-weight: 400;\"> .<\/span><\/p><p><span style=\"font-weight: 400;\">Telesma hace de su conocimiento que sus Datos Personales pueden ser tratados dentro y fuera del pa\u00eds, por empresas filiales nacionales o extranjeras y\/o pueden ser remitidos a empresas que act\u00faen como Encargados en nombre de Telesma <\/span><span style=\"font-weight: 400;\">para tratarlos de acuerdo con las finalidades descritas en el presente Aviso de Privacidad o para cualquier otro uso autorizado por la Ley.<\/span><\/p><p><span style=\"font-weight: 400;\">Estas empresas deber\u00e1n obligarse con Telesma <\/span><span style=\"font-weight: 400;\">\u00a0a utilizar dichos Datos Personales compartidos s\u00f3lo para el cumplimiento de los fines acordados, as\u00ed como a no venderlos o revelarlos, excepto en aquellos casos autorizados por la Ley, con previa autorizaci\u00f3n de\u00a0Telesma De la misma forma, nos aseguramos en la medida de lo posible, que sus Datos Personales sean resguardados tomando las medidas de seguridad adecuadas en cumplimiento con la Ley y con este Aviso de Privacidad.<\/span><\/p><p><span style=\"font-weight: 400;\">Todas las transferencias de Datos Personales que\u00a0Telesma realizar\u00e1, se llevan a cabo en conformidad con el Art\u00edculo 37 de la Ley. Telesma cuenta y mantiene constantemente sus pol\u00edticas y procedimientos en cumplimiento de cualquier cambio a las legislaciones vigentes o a las disposiciones internas de la compa\u00f1\u00eda y es consciente que este Aviso de Privacidad puede ser modificado en cualquier momento por lo que lo invita a consultarlo de manera peri\u00f3dica en nuestra p\u00e1gina de internet <\/span><a href=\"http:\/\/www.telesma.mx\"><span style=\"font-weight: 400;\">www.telesma.mx<\/span><\/a><span style=\"font-weight: 400;\"> para que siempre cuente usted con la \u00faltima versi\u00f3n del mismo.<\/span><\/p><p><span style=\"font-weight: 400;\">Hacemos de su conocimiento que, mientras usted interact\u00faa con cualquier sitio de internet y en este caso en particular, con los sitios web Telesma, <\/span><span style=\"font-weight: 400;\">su navegador transmite cierta informaci\u00f3n t\u00e9cnica que es posible almacenar, como es el tipo de navegador y el sistema operativo que utiliza, la direcci\u00f3n fuente de donde se origina la solicitud (direcci\u00f3n IP), el nombre del dominio, fecha y hora de la conexi\u00f3n, las secciones visitadas del sitio y los criterios de b\u00fasqueda usados.<\/span><\/p><p><span style=\"font-weight: 400;\">De la misma forma, existen otras tecnolog\u00edas o herramientas de recolecci\u00f3n de datos, como son las cookies o web beacons, las cuales permiten recabar mayor informaci\u00f3n como puede ser, nombre del usuario, si es que se registra dentro de nuestros sitios, medir la audiencia a nuestras p\u00e1ginas, monitorear el comportamiento en ellas, el tiempo que permanecen, cu\u00e1les son sus patrones de tr\u00e1fico de una p\u00e1gina a otra, la cantidad de visitantes que seleccionaron determinado elemento clave y en general analizar la eficacia de los sitios.<\/span><\/p><p><span style=\"font-weight: 400;\">Esta informaci\u00f3n es utilizada s\u00f3lo por\u00a0Telesma para comprender mejor a nuestros visitantes, para determinar sus \u00e1reas de inter\u00e9s y para fines estad\u00edsticos.<\/span><\/p><p><span style=\"font-weight: 400;\">Si usted no desea que estas herramientas se almacenen en su computadora, todos los navegadores tienen la posibilidad de deshabilitarlas o de limitar su uso; sin embargo, algunas aplicaciones o caracter\u00edsticas de las p\u00e1ginas pudieran no funcionar adecuadamente.<\/span><\/p><p><span style=\"font-weight: 400;\">Todos los t\u00e9rminos con may\u00fascula tienen el significado que se les atribuye a tales en este Aviso de Privacidad o en la Ley.<\/span><\/p>\t\t\t\t\t\t<\/div>\n\t\t\t\t<\/div>\n\t\t\t\t\t<\/div>\n\t\t<\/div>\n\t\t\t\t\t\t\t<\/div>\n\t\t<\/section>\n\t\t\t\t\t\t<\/div>\n\t\t\t\t\t<\/div>\n\t\t","protected":false},"excerpt":{"rendered":"<p>En cumplimiento con lo dispuesto por la Ley Federal de Protecci\u00f3n de Datos Personales en Posesi\u00f3n de los Particulares (en lo sucesivo denominada como la \u201cLey\u201d), TELESMA S. DE R.L. DE C.V., con domicilio Horacio 1840, Col. Polanco I Secci\u00f3n, C.P. 11510, Delegaci\u00f3n Miguel Hidalgo, Ciudad de M\u00e9xico, se hace responsable del tratamiento y protecci\u00f3n [&hellip;]<\/p>\n","protected":false},"author":1,"featured_media":0,"parent":0,"menu_order":0,"comment_status":"closed","ping_status":"closed","template":"","meta":{"footnotes":""},"class_list":["post-410","page","type-page","status-publish","hentry","entry"],"yoast_head":"<!-- This site is optimized with the Yoast SEO plugin v17.6 - https:\/\/yoast.com\/wordpress\/plugins\/seo\/ -->\n<title>Aviso de privacidad - Telesma<\/title>\n<meta name=\"robots\" content=\"index, follow, max-snippet:-1, max-image-preview:large, max-video-preview:-1\" \/>\n<link rel=\"canonical\" href=\"https:\/\/telesma.mx\/index.php\/aviso-de-privacidad\/\" \/>\n<meta property=\"og:locale\" content=\"es_ES\" \/>\n<meta property=\"og:type\" content=\"article\" \/>\n<meta property=\"og:title\" content=\"Aviso de privacidad - Telesma\" \/>\n<meta property=\"og:description\" content=\"En cumplimiento con lo dispuesto por la Ley Federal de Protecci\u00f3n de Datos Personales en Posesi\u00f3n de los Particulares (en lo sucesivo denominada como la \u201cLey\u201d), TELESMA S. DE R.L. DE C.V., con domicilio Horacio 1840, Col. Polanco I Secci\u00f3n, C.P. 11510, Delegaci\u00f3n Miguel Hidalgo, Ciudad de M\u00e9xico, se hace responsable del tratamiento y protecci\u00f3n [&hellip;]\" \/>\n<meta property=\"og:url\" content=\"https:\/\/telesma.mx\/index.php\/aviso-de-privacidad\/\" \/>\n<meta property=\"og:site_name\" content=\"Telesma\" \/>\n<meta property=\"article:modified_time\" content=\"2026-02-19T18:58:21+00:00\" \/>\n<meta name=\"twitter:card\" content=\"summary_large_image\" \/>\n<meta name=\"twitter:label1\" content=\"Tiempo de lectura\" \/>\n\t<meta name=\"twitter:data1\" content=\"4 minutos\" \/>\n<script type=\"application\/ld+json\" class=\"yoast-schema-graph\">{\"@context\":\"https:\/\/schema.org\",\"@graph\":[{\"@type\":\"WebSite\",\"@id\":\"https:\/\/telesma.mx\/#website\",\"url\":\"https:\/\/telesma.mx\/\",\"name\":\"Telesma\",\"description\":\"Information Risk Management\",\"potentialAction\":[{\"@type\":\"SearchAction\",\"target\":{\"@type\":\"EntryPoint\",\"urlTemplate\":\"https:\/\/telesma.mx\/?s={search_term_string}\"},\"query-input\":\"required name=search_term_string\"}],\"inLanguage\":\"es\"},{\"@type\":\"WebPage\",\"@id\":\"https:\/\/telesma.mx\/index.php\/aviso-de-privacidad\/#webpage\",\"url\":\"https:\/\/telesma.mx\/index.php\/aviso-de-privacidad\/\",\"name\":\"Aviso de privacidad - Telesma\",\"isPartOf\":{\"@id\":\"https:\/\/telesma.mx\/#website\"},\"datePublished\":\"2021-11-25T18:00:53+00:00\",\"dateModified\":\"2026-02-19T18:58:21+00:00\",\"breadcrumb\":{\"@id\":\"https:\/\/telesma.mx\/index.php\/aviso-de-privacidad\/#breadcrumb\"},\"inLanguage\":\"es\",\"potentialAction\":[{\"@type\":\"ReadAction\",\"target\":[\"https:\/\/telesma.mx\/index.php\/aviso-de-privacidad\/\"]}]},{\"@type\":\"BreadcrumbList\",\"@id\":\"https:\/\/telesma.mx\/index.php\/aviso-de-privacidad\/#breadcrumb\",\"itemListElement\":[{\"@type\":\"ListItem\",\"position\":1,\"name\":\"Portada\",\"item\":\"https:\/\/telesma.mx\/\"},{\"@type\":\"ListItem\",\"position\":2,\"name\":\"Aviso de privacidad\"}]}]}<\/script>\n<!-- \/ Yoast SEO plugin. -->","yoast_head_json":{"title":"Aviso de privacidad - Telesma","robots":{"index":"index","follow":"follow","max-snippet":"max-snippet:-1","max-image-preview":"max-image-preview:large","max-video-preview":"max-video-preview:-1"},"canonical":"https:\/\/telesma.mx\/index.php\/aviso-de-privacidad\/","og_locale":"es_ES","og_type":"article","og_title":"Aviso de privacidad - Telesma","og_description":"En cumplimiento con lo dispuesto por la Ley Federal de Protecci\u00f3n de Datos Personales en Posesi\u00f3n de los Particulares (en lo sucesivo denominada como la \u201cLey\u201d), TELESMA S. DE R.L. DE C.V., con domicilio Horacio 1840, Col. Polanco I Secci\u00f3n, C.P. 11510, Delegaci\u00f3n Miguel Hidalgo, Ciudad de M\u00e9xico, se hace responsable del tratamiento y protecci\u00f3n [&hellip;]","og_url":"https:\/\/telesma.mx\/index.php\/aviso-de-privacidad\/","og_site_name":"Telesma","article_modified_time":"2026-02-19T18:58:21+00:00","twitter_card":"summary_large_image","twitter_misc":{"Tiempo de lectura":"4 minutos"},"schema":{"@context":"https:\/\/schema.org","@graph":[{"@type":"WebSite","@id":"https:\/\/telesma.mx\/#website","url":"https:\/\/telesma.mx\/","name":"Telesma","description":"Information Risk Management","potentialAction":[{"@type":"SearchAction","target":{"@type":"EntryPoint","urlTemplate":"https:\/\/telesma.mx\/?s={search_term_string}"},"query-input":"required name=search_term_string"}],"inLanguage":"es"},{"@type":"WebPage","@id":"https:\/\/telesma.mx\/index.php\/aviso-de-privacidad\/#webpage","url":"https:\/\/telesma.mx\/index.php\/aviso-de-privacidad\/","name":"Aviso de privacidad - Telesma","isPartOf":{"@id":"https:\/\/telesma.mx\/#website"},"datePublished":"2021-11-25T18:00:53+00:00","dateModified":"2026-02-19T18:58:21+00:00","breadcrumb":{"@id":"https:\/\/telesma.mx\/index.php\/aviso-de-privacidad\/#breadcrumb"},"inLanguage":"es","potentialAction":[{"@type":"ReadAction","target":["https:\/\/telesma.mx\/index.php\/aviso-de-privacidad\/"]}]},{"@type":"BreadcrumbList","@id":"https:\/\/telesma.mx\/index.php\/aviso-de-privacidad\/#breadcrumb","itemListElement":[{"@type":"ListItem","position":1,"name":"Portada","item":"https:\/\/telesma.mx\/"},{"@type":"ListItem","position":2,"name":"Aviso de privacidad"}]}]}},"_links":{"self":[{"href":"https:\/\/telesma.mx\/index.php\/wp-json\/wp\/v2\/pages\/410","targetHints":{"allow":["GET"]}}],"collection":[{"href":"https:\/\/telesma.mx\/index.php\/wp-json\/wp\/v2\/pages"}],"about":[{"href":"https:\/\/telesma.mx\/index.php\/wp-json\/wp\/v2\/types\/page"}],"author":[{"embeddable":true,"href":"https:\/\/telesma.mx\/index.php\/wp-json\/wp\/v2\/users\/1"}],"replies":[{"embeddable":true,"href":"https:\/\/telesma.mx\/index.php\/wp-json\/wp\/v2\/comments?post=410"}],"version-history":[{"count":13,"href":"https:\/\/telesma.mx\/index.php\/wp-json\/wp\/v2\/pages\/410\/revisions"}],"predecessor-version":[{"id":632,"href":"https:\/\/telesma.mx\/index.php\/wp-json\/wp\/v2\/pages\/410\/revisions\/632"}],"wp:attachment":[{"href":"https:\/\/telesma.mx\/index.php\/wp-json\/wp\/v2\/media?parent=410"}],"curies":[{"name":"wp","href":"https:\/\/api.w.org\/{rel}","templated":true}]}}