{"id":355,"date":"2021-11-25T17:25:00","date_gmt":"2021-11-25T17:25:00","guid":{"rendered":"https:\/\/telesma.mx\/?page_id=355"},"modified":"2021-11-25T17:25:14","modified_gmt":"2021-11-25T17:25:14","slug":"plan-maestro-de-seguridad","status":"publish","type":"page","link":"https:\/\/telesma.mx\/index.php\/plan-maestro-de-seguridad\/","title":{"rendered":"Plan maestro de seguridad"},"content":{"rendered":"\t\t<div data-elementor-type=\"wp-page\" data-elementor-id=\"355\" class=\"elementor elementor-355\" data-elementor-settings=\"[]\">\n\t\t\t\t\t\t\t<div class=\"elementor-section-wrap\">\n\t\t\t\t\t\t\t<section class=\"elementor-section elementor-top-section elementor-element elementor-element-5f5dce8 elementor-section-boxed elementor-section-height-default elementor-section-height-default\" data-id=\"5f5dce8\" data-element_type=\"section\">\n\t\t\t\t\t\t<div class=\"elementor-container elementor-column-gap-default\">\n\t\t\t\t\t<div class=\"elementor-column elementor-col-100 elementor-top-column elementor-element elementor-element-97da11c\" data-id=\"97da11c\" data-element_type=\"column\">\n\t\t\t<div class=\"elementor-widget-wrap elementor-element-populated\">\n\t\t\t\t\t\t\t\t<div class=\"elementor-element elementor-element-e1393e5 elementor-widget elementor-widget-text-editor\" data-id=\"e1393e5\" data-element_type=\"widget\" data-widget_type=\"text-editor.default\">\n\t\t\t\t<div class=\"elementor-widget-container\">\n\t\t\t\t\t\t\t<p><span style=\"font-weight: 400;\">A trav\u00e9s de un Plan Maestro de Seguridad se establecen los objetivos, los procesos de negocio m\u00e1s importantes, las etapas, acciones y los distintos componentes tecnol\u00f3gicos para proteger la informaci\u00f3n de tu empresa ante cualquier eventualidad.<\/span><\/p><p>\u00a0<\/p><p><span style=\"font-weight: 400;\">En el plan maestro ofrecemos entre otras cosas, la identificaci\u00f3n de procesos clave de negocio, la evaluaci\u00f3n y el establecimiento de controles de TI incluidos en los procesos, el desarrollo de la normativa, la alineaci\u00f3n con los objetivos de negocio y la seguridad para lograr el \u00f3ptimo desempe\u00f1o de tu empresa.<\/span><\/p><p><br \/><br \/><\/p><ul><li style=\"font-weight: 400;\" aria-level=\"1\"><span style=\"font-weight: 400;\">Crear un plan de seguridad alineado a los requerimientos de tu negocio.<\/span><\/li><li style=\"font-weight: 400;\" aria-level=\"1\"><span style=\"font-weight: 400;\">Cumplimiento de normas y regulaciones en relaci\u00f3n con la seguridad de la informaci\u00f3n.<\/span><\/li><li style=\"font-weight: 400;\" aria-level=\"1\"><span style=\"font-weight: 400;\">Adecuada gesti\u00f3n de los riesgos y un adecuado manejo de incidentes de seguridad.<\/span><\/li><\/ul><p><span style=\"font-weight: 400;\">Conoce m\u00e1s de nuestro servicio, en Telesma te ofrecemos una estrategia para establecer un manejo seguro de la informaci\u00f3n de acuerdo con el nivel de riesgo y enfocada al logro de objetivos de tu empresa.<\/span><\/p>\t\t\t\t\t\t<\/div>\n\t\t\t\t<\/div>\n\t\t\t\t\t<\/div>\n\t\t<\/div>\n\t\t\t\t\t\t\t<\/div>\n\t\t<\/section>\n\t\t\t\t\t\t<\/div>\n\t\t\t\t\t<\/div>\n\t\t","protected":false},"excerpt":{"rendered":"<p>A trav\u00e9s de un Plan Maestro de Seguridad se establecen los objetivos, los procesos de negocio m\u00e1s importantes, las etapas, acciones y los distintos componentes tecnol\u00f3gicos para proteger la informaci\u00f3n de tu empresa ante cualquier eventualidad. \u00a0 En el plan maestro ofrecemos entre otras cosas, la identificaci\u00f3n de procesos clave de negocio, la evaluaci\u00f3n y [&hellip;]<\/p>\n","protected":false},"author":1,"featured_media":0,"parent":0,"menu_order":0,"comment_status":"closed","ping_status":"closed","template":"","meta":{"footnotes":""},"class_list":["post-355","page","type-page","status-publish","hentry","entry"],"yoast_head":"<!-- This site is optimized with the Yoast SEO plugin v17.6 - https:\/\/yoast.com\/wordpress\/plugins\/seo\/ -->\n<title>Plan maestro de seguridad - Telesma<\/title>\n<meta name=\"robots\" content=\"index, follow, max-snippet:-1, max-image-preview:large, max-video-preview:-1\" \/>\n<link rel=\"canonical\" href=\"https:\/\/telesma.mx\/index.php\/plan-maestro-de-seguridad\/\" \/>\n<meta property=\"og:locale\" content=\"es_ES\" \/>\n<meta property=\"og:type\" content=\"article\" \/>\n<meta property=\"og:title\" content=\"Plan maestro de seguridad - Telesma\" \/>\n<meta property=\"og:description\" content=\"A trav\u00e9s de un Plan Maestro de Seguridad se establecen los objetivos, los procesos de negocio m\u00e1s importantes, las etapas, acciones y los distintos componentes tecnol\u00f3gicos para proteger la informaci\u00f3n de tu empresa ante cualquier eventualidad. \u00a0 En el plan maestro ofrecemos entre otras cosas, la identificaci\u00f3n de procesos clave de negocio, la evaluaci\u00f3n y [&hellip;]\" \/>\n<meta property=\"og:url\" content=\"https:\/\/telesma.mx\/index.php\/plan-maestro-de-seguridad\/\" \/>\n<meta property=\"og:site_name\" content=\"Telesma\" \/>\n<meta property=\"article:modified_time\" content=\"2021-11-25T17:25:14+00:00\" \/>\n<meta name=\"twitter:card\" content=\"summary_large_image\" \/>\n<meta name=\"twitter:label1\" content=\"Tiempo de lectura\" \/>\n\t<meta name=\"twitter:data1\" content=\"1 minuto\" \/>\n<script type=\"application\/ld+json\" class=\"yoast-schema-graph\">{\"@context\":\"https:\/\/schema.org\",\"@graph\":[{\"@type\":\"WebSite\",\"@id\":\"https:\/\/telesma.mx\/#website\",\"url\":\"https:\/\/telesma.mx\/\",\"name\":\"Telesma\",\"description\":\"Information Risk Management\",\"potentialAction\":[{\"@type\":\"SearchAction\",\"target\":{\"@type\":\"EntryPoint\",\"urlTemplate\":\"https:\/\/telesma.mx\/?s={search_term_string}\"},\"query-input\":\"required name=search_term_string\"}],\"inLanguage\":\"es\"},{\"@type\":\"WebPage\",\"@id\":\"https:\/\/telesma.mx\/index.php\/plan-maestro-de-seguridad\/#webpage\",\"url\":\"https:\/\/telesma.mx\/index.php\/plan-maestro-de-seguridad\/\",\"name\":\"Plan maestro de seguridad - Telesma\",\"isPartOf\":{\"@id\":\"https:\/\/telesma.mx\/#website\"},\"datePublished\":\"2021-11-25T17:25:00+00:00\",\"dateModified\":\"2021-11-25T17:25:14+00:00\",\"breadcrumb\":{\"@id\":\"https:\/\/telesma.mx\/index.php\/plan-maestro-de-seguridad\/#breadcrumb\"},\"inLanguage\":\"es\",\"potentialAction\":[{\"@type\":\"ReadAction\",\"target\":[\"https:\/\/telesma.mx\/index.php\/plan-maestro-de-seguridad\/\"]}]},{\"@type\":\"BreadcrumbList\",\"@id\":\"https:\/\/telesma.mx\/index.php\/plan-maestro-de-seguridad\/#breadcrumb\",\"itemListElement\":[{\"@type\":\"ListItem\",\"position\":1,\"name\":\"Portada\",\"item\":\"https:\/\/telesma.mx\/\"},{\"@type\":\"ListItem\",\"position\":2,\"name\":\"Plan maestro de seguridad\"}]}]}<\/script>\n<!-- \/ Yoast SEO plugin. -->","yoast_head_json":{"title":"Plan maestro de seguridad - Telesma","robots":{"index":"index","follow":"follow","max-snippet":"max-snippet:-1","max-image-preview":"max-image-preview:large","max-video-preview":"max-video-preview:-1"},"canonical":"https:\/\/telesma.mx\/index.php\/plan-maestro-de-seguridad\/","og_locale":"es_ES","og_type":"article","og_title":"Plan maestro de seguridad - Telesma","og_description":"A trav\u00e9s de un Plan Maestro de Seguridad se establecen los objetivos, los procesos de negocio m\u00e1s importantes, las etapas, acciones y los distintos componentes tecnol\u00f3gicos para proteger la informaci\u00f3n de tu empresa ante cualquier eventualidad. \u00a0 En el plan maestro ofrecemos entre otras cosas, la identificaci\u00f3n de procesos clave de negocio, la evaluaci\u00f3n y [&hellip;]","og_url":"https:\/\/telesma.mx\/index.php\/plan-maestro-de-seguridad\/","og_site_name":"Telesma","article_modified_time":"2021-11-25T17:25:14+00:00","twitter_card":"summary_large_image","twitter_misc":{"Tiempo de lectura":"1 minuto"},"schema":{"@context":"https:\/\/schema.org","@graph":[{"@type":"WebSite","@id":"https:\/\/telesma.mx\/#website","url":"https:\/\/telesma.mx\/","name":"Telesma","description":"Information Risk Management","potentialAction":[{"@type":"SearchAction","target":{"@type":"EntryPoint","urlTemplate":"https:\/\/telesma.mx\/?s={search_term_string}"},"query-input":"required name=search_term_string"}],"inLanguage":"es"},{"@type":"WebPage","@id":"https:\/\/telesma.mx\/index.php\/plan-maestro-de-seguridad\/#webpage","url":"https:\/\/telesma.mx\/index.php\/plan-maestro-de-seguridad\/","name":"Plan maestro de seguridad - Telesma","isPartOf":{"@id":"https:\/\/telesma.mx\/#website"},"datePublished":"2021-11-25T17:25:00+00:00","dateModified":"2021-11-25T17:25:14+00:00","breadcrumb":{"@id":"https:\/\/telesma.mx\/index.php\/plan-maestro-de-seguridad\/#breadcrumb"},"inLanguage":"es","potentialAction":[{"@type":"ReadAction","target":["https:\/\/telesma.mx\/index.php\/plan-maestro-de-seguridad\/"]}]},{"@type":"BreadcrumbList","@id":"https:\/\/telesma.mx\/index.php\/plan-maestro-de-seguridad\/#breadcrumb","itemListElement":[{"@type":"ListItem","position":1,"name":"Portada","item":"https:\/\/telesma.mx\/"},{"@type":"ListItem","position":2,"name":"Plan maestro de seguridad"}]}]}},"_links":{"self":[{"href":"https:\/\/telesma.mx\/index.php\/wp-json\/wp\/v2\/pages\/355","targetHints":{"allow":["GET"]}}],"collection":[{"href":"https:\/\/telesma.mx\/index.php\/wp-json\/wp\/v2\/pages"}],"about":[{"href":"https:\/\/telesma.mx\/index.php\/wp-json\/wp\/v2\/types\/page"}],"author":[{"embeddable":true,"href":"https:\/\/telesma.mx\/index.php\/wp-json\/wp\/v2\/users\/1"}],"replies":[{"embeddable":true,"href":"https:\/\/telesma.mx\/index.php\/wp-json\/wp\/v2\/comments?post=355"}],"version-history":[{"count":4,"href":"https:\/\/telesma.mx\/index.php\/wp-json\/wp\/v2\/pages\/355\/revisions"}],"predecessor-version":[{"id":359,"href":"https:\/\/telesma.mx\/index.php\/wp-json\/wp\/v2\/pages\/355\/revisions\/359"}],"wp:attachment":[{"href":"https:\/\/telesma.mx\/index.php\/wp-json\/wp\/v2\/media?parent=355"}],"curies":[{"name":"wp","href":"https:\/\/api.w.org\/{rel}","templated":true}]}}